{"id":16,"date":"2020-08-23T20:18:20","date_gmt":"2020-08-23T20:18:20","guid":{"rendered":"https:\/\/sports-montfort.com\/?page_id=16"},"modified":"2021-10-03T22:06:27","modified_gmt":"2021-10-03T22:06:27","slug":"peter","status":"publish","type":"page","link":"https:\/\/sports-montfort.com\/de\/peter\/","title":{"rendered":"Peter Schierl-Montfort"},"content":{"rendered":"\n<p>Sport war in unserer Familie schon immer wichtig.\u00a0\u00a0Wann immer es die Schneelage zulie\u00df, war ich als Bub im Winter Skifahren &#8211; und dann, sobald ich wieder zuhause war, sahen wir den Weltcup-Stars im Fernsehen zu, wie sie die H\u00e4nge in Gr\u00f6den, Kitzb\u00fchel oder Wengen meisterten. <\/p>\n\n\n\n<div class=\"wp-block-image\"><figure class=\"alignleft size-large is-resized\"><img loading=\"lazy\" decoding=\"async\" src=\"https:\/\/i2.wp.com\/sports-montfort.com\/wp-content\/uploads\/2020\/11\/Website-Photo-7-scaled.jpg?fit=768%2C1024&#038;ssl=1\" alt=\"\" class=\"wp-image-248\" width=\"208\" height=\"277\" srcset=\"https:\/\/sports-montfort.com\/wp-content\/uploads\/2020\/11\/Website-Photo-7-scaled.jpg 1920w, https:\/\/sports-montfort.com\/wp-content\/uploads\/2020\/11\/Website-Photo-7-225x300.jpg 225w, https:\/\/sports-montfort.com\/wp-content\/uploads\/2020\/11\/Website-Photo-7-768x1024.jpg 768w, https:\/\/sports-montfort.com\/wp-content\/uploads\/2020\/11\/Website-Photo-7-1152x1536.jpg 1152w, https:\/\/sports-montfort.com\/wp-content\/uploads\/2020\/11\/Website-Photo-7-1536x2048.jpg 1536w, https:\/\/sports-montfort.com\/wp-content\/uploads\/2020\/11\/Website-Photo-7-1320x1760.jpg 1320w\" sizes=\"auto, (max-width: 208px) 100vw, 208px\" \/><\/figure><\/div>\n\n\n\n<p>Im Sommer waren Fu\u00dfball und Tennis angesagt, sp\u00e4ter dann auch noch Rad und Kartfahren.\u00a0\u00a0Zudem verfolgte ich alle sportlichen Gro\u00dfevents aufmerksam in den Medien, und verschlang Sportb\u00fccher aller Art.\u00a0\u00a0So war es ein nat\u00fcrlicher Schritt hin zu meinem ersten Job als Sportjournalist.<\/p>\n\n\n\n<p class=\"has-text-align-left\">Heute bin ich neben meiner T\u00e4tigkeit als Politologe und Autor auch als ehrenamtlicher Sportfunktion\u00e4r bei der International Fistball Association (IFA) t\u00e4tig.\u00a0\u00a0Zudem habe ich einen Sportroman verfasst \u2013 \u201c90 Minuten Konfetti\u201d (2020, Verlag Nina Roiter), eine Erz\u00e4hlung \u00fcber den ersten \u00f6sterreichischen Fu\u00dfball-WM-Titel im Jahr 2026.<\/p>\n\n\n\n<p class=\"has-text-align-left\">Ich freue mich darauf durch diese Plattform Sport-Stories &#8211; \u00fcber historische und gegenw\u00e4rtige Events, Sportler und Sportlerinnen &#8211; zu ver\u00f6ffentlichen.&nbsp;&nbsp;<\/p>\n","protected":false},"excerpt":{"rendered":"<p>Sport war in unserer Familie schon immer wichtig.\u00a0\u00a0Wann immer es die Schneelage zulie\u00df, war ich als Bub im Winter Skifahren &#8211; und dann, sobald ich wieder zuhause war, sahen wir den Weltcup-Stars im Fernsehen zu, wie sie die H\u00e4nge in Gr\u00f6den, Kitzb\u00fchel oder Wengen meisterten. Im Sommer waren Fu\u00dfball und Tennis angesagt, sp\u00e4ter dann auch &#8230; <a title=\"Peter Schierl-Montfort\" class=\"read-more\" href=\"https:\/\/sports-montfort.com\/de\/peter\/\" aria-label=\"Mehr Informationen \u00fcber Peter Schierl-Montfort\">Weiterlesen<\/a><\/p>\n","protected":false},"author":2,"featured_media":0,"parent":0,"menu_order":0,"comment_status":"closed","ping_status":"closed","template":"","meta":{"nf_dc_page":"","om_disable_all_campaigns":false,"footnotes":""},"class_list":["post-16","page","type-page","status-publish"],"translation":{"provider":"WPGlobus","version":"3.0.2","language":"de","enabled_languages":["en","de"],"languages":{"en":{"title":true,"content":true,"excerpt":false},"de":{"title":true,"content":true,"excerpt":false}}},"_links":{"self":[{"href":"https:\/\/sports-montfort.com\/de\/wp-json\/wp\/v2\/pages\/16","targetHints":{"allow":["GET"]}}],"collection":[{"href":"https:\/\/sports-montfort.com\/de\/wp-json\/wp\/v2\/pages"}],"about":[{"href":"https:\/\/sports-montfort.com\/de\/wp-json\/wp\/v2\/types\/page"}],"author":[{"embeddable":true,"href":"https:\/\/sports-montfort.com\/de\/wp-json\/wp\/v2\/users\/2"}],"replies":[{"embeddable":true,"href":"https:\/\/sports-montfort.com\/de\/wp-json\/wp\/v2\/comments?post=16"}],"version-history":[{"count":5,"href":"https:\/\/sports-montfort.com\/de\/wp-json\/wp\/v2\/pages\/16\/revisions"}],"predecessor-version":[{"id":445,"href":"https:\/\/sports-montfort.com\/de\/wp-json\/wp\/v2\/pages\/16\/revisions\/445"}],"wp:attachment":[{"href":"https:\/\/sports-montfort.com\/de\/wp-json\/wp\/v2\/media?parent=16"}],"curies":[{"name":"wp","href":"https:\/\/api.w.org\/{rel}","templated":true}]}}