{"id":17,"date":"2020-08-23T20:18:21","date_gmt":"2020-08-23T20:18:21","guid":{"rendered":"https:\/\/sports-montfort.com\/?page_id=17"},"modified":"2020-11-03T05:32:49","modified_gmt":"2020-11-03T05:32:49","slug":"veronica","status":"publish","type":"page","link":"https:\/\/sports-montfort.com\/de\/veronica\/","title":{"rendered":"Veronica Montfort"},"content":{"rendered":"\n<p>Ich erinnere mich noch ganz genau an den Tag, an dem ich das Kunstturnen entdeckt habe: ich war zehn Jahre alt und mit meiner Mutter zum Einkaufen unterwegs, als ich die neu er\u00f6ffnete <em>Gymnastics Academy<\/em> sah.&nbsp; Dort war gerade eine Gruppe von M\u00e4dchen dabei Flickflacks zu schlagen und auf dem Schwebebalken zu balancieren.&nbsp; Ich war fasziniert und beschloss: das mache ich auch.&nbsp;<\/p>\n\n\n\n<div class=\"wp-block-image\"><figure class=\"alignleft size-large is-resized\"><img loading=\"lazy\" decoding=\"async\" src=\"https:\/\/sports-montfort.com\/wp-content\/uploads\/2020\/11\/Website-PhotoV-3-1024x703.jpeg\" alt=\"\" class=\"wp-image-222\" width=\"377\" height=\"259\" srcset=\"https:\/\/sports-montfort.com\/wp-content\/uploads\/2020\/11\/Website-PhotoV-3-1024x703.jpeg 1024w, https:\/\/sports-montfort.com\/wp-content\/uploads\/2020\/11\/Website-PhotoV-3-300x206.jpeg 300w, https:\/\/sports-montfort.com\/wp-content\/uploads\/2020\/11\/Website-PhotoV-3-768x527.jpeg 768w, https:\/\/sports-montfort.com\/wp-content\/uploads\/2020\/11\/Website-PhotoV-3.jpeg 1069w\" sizes=\"auto, (max-width: 377px) 100vw, 377px\" \/><\/figure><\/div>\n\n\n\n<p>Im gleichen Sommer verfolgte ich stundenlang die Olympischen Spiele im TV.&nbsp; Meine Sportleidenschaft ist seitdem ein fester Bestandteil meines Lebens.<\/p>\n\n\n\n<p>Nachdem ich zun\u00e4chst in Mexiko Ern\u00e4hrungswissenschaften studiert und im <em>Public Health<\/em>-Bereich gearbeitet hatte, ging ich f\u00fcr mein Master- und PhD-Studium nach England, wo ich Sportwissenschaften mit Forschungsschwerpunkt jugendliche Leistungssportler studierte.<\/p>\n\n\n\n<p>Ich bin stolz auf unseren Neunj\u00e4hrigen, der schon den schwarzen G\u00fcrtel in Karate hat, und auf unsere F\u00fcnfj\u00e4hrige, die ebenfalls eine begeisterte Karateka und Ballerina ist, und mit dem Turnen beginnen will, \u201csobald der Coronavirus aufh\u00f6rt\u201d, wie sie sagt. Durch diese Website m\u00f6chte ich sportwissenschaftliche Forschung popul\u00e4rwissenschaftlich darstellen und Tipps f\u00fcr gesunde Ern\u00e4hrung geben. &nbsp;<\/p>\n\n\n\n<p><\/p>\n","protected":false},"excerpt":{"rendered":"<p>Ich erinnere mich noch ganz genau an den Tag, an dem ich das Kunstturnen entdeckt habe: ich war zehn Jahre alt und mit meiner Mutter zum Einkaufen unterwegs, als ich die neu er\u00f6ffnete Gymnastics Academy sah.&nbsp; Dort war gerade eine Gruppe von M\u00e4dchen dabei Flickflacks zu schlagen und auf dem Schwebebalken zu balancieren.&nbsp; Ich war &#8230; <a title=\"Veronica Montfort\" class=\"read-more\" href=\"https:\/\/sports-montfort.com\/de\/veronica\/\" aria-label=\"Mehr Informationen \u00fcber Veronica Montfort\">Weiterlesen<\/a><\/p>\n","protected":false},"author":2,"featured_media":0,"parent":0,"menu_order":0,"comment_status":"closed","ping_status":"closed","template":"","meta":{"nf_dc_page":"","om_disable_all_campaigns":false,"footnotes":""},"class_list":["post-17","page","type-page","status-publish"],"translation":{"provider":"WPGlobus","version":"3.0.2","language":"de","enabled_languages":["en","de"],"languages":{"en":{"title":true,"content":true,"excerpt":false},"de":{"title":true,"content":true,"excerpt":false}}},"_links":{"self":[{"href":"https:\/\/sports-montfort.com\/de\/wp-json\/wp\/v2\/pages\/17","targetHints":{"allow":["GET"]}}],"collection":[{"href":"https:\/\/sports-montfort.com\/de\/wp-json\/wp\/v2\/pages"}],"about":[{"href":"https:\/\/sports-montfort.com\/de\/wp-json\/wp\/v2\/types\/page"}],"author":[{"embeddable":true,"href":"https:\/\/sports-montfort.com\/de\/wp-json\/wp\/v2\/users\/2"}],"replies":[{"embeddable":true,"href":"https:\/\/sports-montfort.com\/de\/wp-json\/wp\/v2\/comments?post=17"}],"version-history":[{"count":5,"href":"https:\/\/sports-montfort.com\/de\/wp-json\/wp\/v2\/pages\/17\/revisions"}],"predecessor-version":[{"id":224,"href":"https:\/\/sports-montfort.com\/de\/wp-json\/wp\/v2\/pages\/17\/revisions\/224"}],"wp:attachment":[{"href":"https:\/\/sports-montfort.com\/de\/wp-json\/wp\/v2\/media?parent=17"}],"curies":[{"name":"wp","href":"https:\/\/api.w.org\/{rel}","templated":true}]}}