{"id":18,"date":"2020-08-23T20:18:23","date_gmt":"2020-08-23T20:18:23","guid":{"rendered":"https:\/\/sports-montfort.com\/?page_id=18"},"modified":"2021-06-18T01:33:25","modified_gmt":"2021-06-18T01:33:25","slug":"contact","status":"publish","type":"page","link":"https:\/\/sports-montfort.com\/de\/contact\/","title":{"rendered":"Kontakt"},"content":{"rendered":"\n<p>Wir freuen uns \u00fcber Ihr Feedback. Sie k\u00f6nnen uns \u00fcber unsere Email-Adresse erreichen.<\/p>\n\n\n\n<figure class=\"wp-block-image size-large is-resized\"><img loading=\"lazy\" decoding=\"async\" src=\"https:\/\/sports-montfort.com\/wp-content\/uploads\/2021\/06\/bildi-1024x117.png\" alt=\"\" class=\"wp-image-414\" width=\"366\" height=\"39\"\/><\/figure>\n","protected":false},"excerpt":{"rendered":"<p>Wir freuen uns \u00fcber Ihr Feedback. Sie k\u00f6nnen uns \u00fcber unsere Email-Adresse erreichen.<\/p>\n","protected":false},"author":2,"featured_media":0,"parent":0,"menu_order":0,"comment_status":"closed","ping_status":"closed","template":"","meta":{"nf_dc_page":"","om_disable_all_campaigns":false,"footnotes":""},"class_list":["post-18","page","type-page","status-publish"],"translation":{"provider":"WPGlobus","version":"3.0.2","language":"de","enabled_languages":["en","de"],"languages":{"en":{"title":true,"content":true,"excerpt":false},"de":{"title":true,"content":true,"excerpt":false}}},"_links":{"self":[{"href":"https:\/\/sports-montfort.com\/de\/wp-json\/wp\/v2\/pages\/18","targetHints":{"allow":["GET"]}}],"collection":[{"href":"https:\/\/sports-montfort.com\/de\/wp-json\/wp\/v2\/pages"}],"about":[{"href":"https:\/\/sports-montfort.com\/de\/wp-json\/wp\/v2\/types\/page"}],"author":[{"embeddable":true,"href":"https:\/\/sports-montfort.com\/de\/wp-json\/wp\/v2\/users\/2"}],"replies":[{"embeddable":true,"href":"https:\/\/sports-montfort.com\/de\/wp-json\/wp\/v2\/comments?post=18"}],"version-history":[{"count":5,"href":"https:\/\/sports-montfort.com\/de\/wp-json\/wp\/v2\/pages\/18\/revisions"}],"predecessor-version":[{"id":417,"href":"https:\/\/sports-montfort.com\/de\/wp-json\/wp\/v2\/pages\/18\/revisions\/417"}],"wp:attachment":[{"href":"https:\/\/sports-montfort.com\/de\/wp-json\/wp\/v2\/media?parent=18"}],"curies":[{"name":"wp","href":"https:\/\/api.w.org\/{rel}","templated":true}]}}