{"id":23,"date":"2020-08-23T20:18:29","date_gmt":"2020-08-23T20:18:29","guid":{"rendered":"https:\/\/sports-montfort.com\/?page_id=23"},"modified":"2021-01-30T21:35:28","modified_gmt":"2021-01-30T21:35:28","slug":"newsletter","status":"publish","type":"page","link":"https:\/\/sports-montfort.com\/de\/newsletter\/","title":{"rendered":"Sports-Montfort Newsletter"},"content":{"rendered":"\n<p>Hier k\u00f6nnen Sie unseren gratis Newsletter abonnieren. <br>Sie m\u00fcssen daf\u00fcr nur Ihre Email-Adresse angeben.<\/p>\n\n\n\n<p> Abbestellung ist jederzeit m\u00f6glich.<\/p>\n\n\n\n<p><code><code>[sibwp_form id=2]<\/code><\/code><\/p>\n\n\n\n<p><em>Sports-Montfort auf <a rel=\"noreferrer noopener\" href=\"https:\/\/twitter.com\/Sports_Montfort\" data-type=\"URL\" data-id=\"https:\/\/twitter.com\/Sports_Montfort\" target=\"_blank\">Twitter <\/a>und <a rel=\"noreferrer noopener\" href=\"https:\/\/www.facebook.com\/Sports-Montfort-104323678093724\" data-type=\"URL\" data-id=\"https:\/\/www.facebook.com\/Sports-Montfort-104323678093724\" target=\"_blank\">Facebook<\/a>.<\/em><\/p>\n","protected":false},"excerpt":{"rendered":"<p>Hier k\u00f6nnen Sie unseren gratis Newsletter abonnieren. Sie m\u00fcssen daf\u00fcr nur Ihre Email-Adresse angeben. Abbestellung ist jederzeit m\u00f6glich. [sibwp_form id=2] Sports-Montfort auf Twitter und Facebook.<\/p>\n","protected":false},"author":2,"featured_media":0,"parent":0,"menu_order":0,"comment_status":"closed","ping_status":"closed","template":"","meta":{"nf_dc_page":"","om_disable_all_campaigns":false,"footnotes":""},"class_list":["post-23","page","type-page","status-publish"],"translation":{"provider":"WPGlobus","version":"3.0.2","language":"de","enabled_languages":["en","de"],"languages":{"en":{"title":true,"content":true,"excerpt":false},"de":{"title":true,"content":true,"excerpt":false}}},"_links":{"self":[{"href":"https:\/\/sports-montfort.com\/de\/wp-json\/wp\/v2\/pages\/23","targetHints":{"allow":["GET"]}}],"collection":[{"href":"https:\/\/sports-montfort.com\/de\/wp-json\/wp\/v2\/pages"}],"about":[{"href":"https:\/\/sports-montfort.com\/de\/wp-json\/wp\/v2\/types\/page"}],"author":[{"embeddable":true,"href":"https:\/\/sports-montfort.com\/de\/wp-json\/wp\/v2\/users\/2"}],"replies":[{"embeddable":true,"href":"https:\/\/sports-montfort.com\/de\/wp-json\/wp\/v2\/comments?post=23"}],"version-history":[{"count":5,"href":"https:\/\/sports-montfort.com\/de\/wp-json\/wp\/v2\/pages\/23\/revisions"}],"predecessor-version":[{"id":299,"href":"https:\/\/sports-montfort.com\/de\/wp-json\/wp\/v2\/pages\/23\/revisions\/299"}],"wp:attachment":[{"href":"https:\/\/sports-montfort.com\/de\/wp-json\/wp\/v2\/media?parent=23"}],"curies":[{"name":"wp","href":"https:\/\/api.w.org\/{rel}","templated":true}]}}