{"id":47,"date":"2020-08-23T20:19:24","date_gmt":"2020-08-23T20:19:24","guid":{"rendered":"https:\/\/sports-montfort.com\/?page_id=47"},"modified":"2020-10-29T03:49:30","modified_gmt":"2020-10-29T03:49:30","slug":"welcome","status":"publish","type":"page","link":"https:\/\/sports-montfort.com\/de\/","title":{"rendered":"Willkommen"},"content":{"rendered":"\n<p>Herzlich willkommen bei <strong>sports-montfort.com<\/strong>!<\/p>\n\n\n\n<p>Wir sind ein Ehepaar mit einer gemeinsamen Leidenschaft f\u00fcr Sport, die wir durch unsere Website mit Ihnen teilen m\u00f6chten.<\/p>\n\n\n\n<p>Wir planen einen monatlichen <a href=\"https:\/\/sports-montfort.com\/de\/newsletter\/\">Newsletter<\/a> mit Stories und Artikeln \u00fcber historische und gegenw\u00e4rtige Sportevents, und \u00fcber bekannte Sportler und Sportlerinnen.\u00a0 Zudem sind auch Artikel zum Thema Sportern\u00e4hrung und Healthy Lifestyle angedacht.<\/p>\n\n\n\n<p>Das ist zumindest unser Plan.&nbsp; Mal sehen, wohin die Reise geht.&nbsp; Wir freuen uns jedenfalls darauf!<\/p>\n\n\n\n<p>Liebe Gr\u00fc\u00dfe,<\/p>\n\n\n\n<p>Peter &amp; Veronica<\/p>\n\n\n\n<p><em>Sports-Montfort auf <a rel=\"noreferrer noopener\" href=\"https:\/\/twitter.com\/Sports_Montfort\" target=\"_blank\">Twitter <\/a>und <a rel=\"noreferrer noopener\" href=\"https:\/\/www.facebook.com\/Sports-Montfort-104323678093724\" target=\"_blank\">Facebook<\/a>.<\/em><\/p>\n","protected":false},"excerpt":{"rendered":"<p>Herzlich willkommen bei sports-montfort.com! Wir sind ein Ehepaar mit einer gemeinsamen Leidenschaft f\u00fcr Sport, die wir durch unsere Website mit Ihnen teilen m\u00f6chten. Wir planen einen monatlichen Newsletter mit Stories und Artikeln \u00fcber historische und gegenw\u00e4rtige Sportevents, und \u00fcber bekannte Sportler und Sportlerinnen.\u00a0 Zudem sind auch Artikel zum Thema Sportern\u00e4hrung und Healthy Lifestyle angedacht. Das &#8230; <a title=\"Willkommen\" class=\"read-more\" href=\"https:\/\/sports-montfort.com\/de\/\" aria-label=\"Mehr Informationen \u00fcber Willkommen\">Weiterlesen<\/a><\/p>\n","protected":false},"author":2,"featured_media":0,"parent":0,"menu_order":0,"comment_status":"closed","ping_status":"closed","template":"","meta":{"nf_dc_page":"","om_disable_all_campaigns":false,"footnotes":""},"class_list":["post-47","page","type-page","status-publish"],"translation":{"provider":"WPGlobus","version":"3.0.2","language":"de","enabled_languages":["en","de"],"languages":{"en":{"title":true,"content":true,"excerpt":false},"de":{"title":true,"content":true,"excerpt":false}}},"_links":{"self":[{"href":"https:\/\/sports-montfort.com\/de\/wp-json\/wp\/v2\/pages\/47","targetHints":{"allow":["GET"]}}],"collection":[{"href":"https:\/\/sports-montfort.com\/de\/wp-json\/wp\/v2\/pages"}],"about":[{"href":"https:\/\/sports-montfort.com\/de\/wp-json\/wp\/v2\/types\/page"}],"author":[{"embeddable":true,"href":"https:\/\/sports-montfort.com\/de\/wp-json\/wp\/v2\/users\/2"}],"replies":[{"embeddable":true,"href":"https:\/\/sports-montfort.com\/de\/wp-json\/wp\/v2\/comments?post=47"}],"version-history":[{"count":5,"href":"https:\/\/sports-montfort.com\/de\/wp-json\/wp\/v2\/pages\/47\/revisions"}],"predecessor-version":[{"id":198,"href":"https:\/\/sports-montfort.com\/de\/wp-json\/wp\/v2\/pages\/47\/revisions\/198"}],"wp:attachment":[{"href":"https:\/\/sports-montfort.com\/de\/wp-json\/wp\/v2\/media?parent=47"}],"curies":[{"name":"wp","href":"https:\/\/api.w.org\/{rel}","templated":true}]}}